{"id":334,"date":"2018-03-11T16:36:11","date_gmt":"2018-03-11T15:36:11","guid":{"rendered":"https:\/\/zanrev.eu\/pipeline\/?page_id=334"},"modified":"2022-10-01T17:37:18","modified_gmt":"2022-10-01T15:37:18","slug":"kokopelli-tour","status":"publish","type":"page","link":"https:\/\/zanrev.eu\/pipeline\/kokopelli-tour\/","title":{"rendered":"Kokopelli Tour-USA 2018"},"content":{"rendered":"<h3 style=\"text-align: center;\"><strong><em><span style=\"font-family: verdana, geneva, sans-serif; color: #000000;\"><img loading=\"lazy\" decoding=\"async\" src=\"https:\/\/zanrev.eu\/pipeline\/wp-content\/uploads\/2020\/03\/P9182602.jpg\" alt=\"shoot'hem up\" width=\"1200\" height=\"900\" \/><br \/>\n<\/span><\/em><\/strong><\/h3>\n<p><img decoding=\"async\" src=\"https:\/\/zanrev.eu\/pipeline\/wp-content\/uploads\/2020\/03\/DSC00912.jpg\" alt=\"\" \/><br \/>\n<span style=\"color: #ff0000;\"><em>shoot&rsquo;hem up<\/em><\/span><\/p>\n<h3 style=\"text-align: center;\">&#8212;&#8212;&#8212;<\/h3>\n<h3 style=\"text-align: center;\"><strong><em><span style=\"font-family: verdana, geneva, sans-serif; color: #000000;\">Bienvenue sur le blog de ce p\u00e9riple aux USA<br \/>\nUn regard pos\u00e9 au dessus de notre horizon !<\/span><\/em><\/strong><\/h3>\n<p style=\"text-align: justify;\"><span style=\"font-family: verdana, geneva, sans-serif; color: #000000;\">Horizon plein Ouest, bien \u00e9videmment. Voire m\u00eame transatlantique.\u00a0<\/span><\/p>\n<p style=\"text-align: justify;\"><span style=\"font-family: verdana, geneva, sans-serif; color: #000000;\">Apr\u00e8s une bonne nuit de repos qui s&rsquo;impose \u00e0 Westminster, proche banlieue de Denver, nous pouvons commencer le voyage.<\/span><\/p>\n<p style=\"text-align: justify;\"><span style=\"font-family: verdana, geneva, sans-serif;\"><span style=\"color: #000000;\">On franchit le Colorado, large et abondant fleuve historique qui finit en pauvre ruisseau au Mexique et qui a donn\u00e9 son nom \u00e0 l&rsquo;\u00c9tat du Colorado lors de la<\/span> <a href=\"https:\/\/fr.wikipedia.org\/wiki\/Ru%C3%A9e_vers_l%27or_de_Pikes_Peak\" target=\"_blank\" rel=\"noopener noreferrer\">ru\u00e9e vers l&rsquo;or de 1858<\/a><span style=\"color: #000000;\">, puis on arpente<\/span> <a href=\"https:\/\/fr.wikipedia.org\/wiki\/Wyoming\" target=\"_blank\" rel=\"noopener noreferrer\">les grandes prairies du Wyoming<\/a>\u00a0<span style=\"color: #000000;\">pour atteindre<\/span> <a href=\"https:\/\/www.ouest-france.fr\/leditiondusoir\/data\/21549\/reader\/reader.html#!preferred\/1\/package\/21549\/pub\/30969\/page\/5\" target=\"_blank\" rel=\"noopener noreferrer\">Yellowstone<\/a> <span style=\"color: #000000;\">au pied des Rocky Mountains et le<\/span> <a href=\"https:\/\/fr.wikipedia.org\/wiki\/Parc_national_de_Grand_Teton\" target=\"_blank\" rel=\"noopener noreferrer\">Parc national de Grand Teton<\/a><span style=\"color: #000000;\">. On encha\u00eene sur l&rsquo;<a style=\"color: #000000;\" href=\"https:\/\/fr.wikipedia.org\/wiki\/Idaho\" target=\"_blank\" rel=\"noopener noreferrer\">Idaho<\/a> o\u00f9 la vie sauvage est encore pr\u00e9serv\u00e9e et paradoxalement, chaque ville poss\u00e8de dans son voisinage sa station de ski!<\/span><\/span><\/p>\n<p style=\"text-align: justify;\"><span style=\"font-family: verdana, geneva, sans-serif;\"><span style=\"color: #000000;\">On continue en traversant du nord au sud l&rsquo;<\/span><a href=\"https:\/\/fr.wikipedia.org\/wiki\/Utah\" target=\"_blank\" rel=\"noopener noreferrer\">Utah<\/a><span style=\"color: #000000;\">, superbe \u00e9tendue\u00a0 parfois montagneuse, parfois d\u00e9sertique, entrecoup\u00e9e de vall\u00e9es aux fortes rivi\u00e8res et bien connue pour sa grande diversit\u00e9 g\u00e9ologique dont l&#8217;embl\u00e8me\u00a0<\/span><a href=\"https:\/\/fr.wikipedia.org\/wiki\/Delicate_Arch\" target=\"_blank\" rel=\"noopener noreferrer\">Delicate Arch<\/a> <span style=\"color: #000000;\">situ\u00e9e dans le Parc national des Arches \u00e9tait\u00a0surnomm\u00e9e par les mormons \u00ab\u00a0culotte d\u2019institutrice\u00a0\u00bb. Tout un programme!<\/span><\/span><\/p>\n<p style=\"text-align: justify;\"><span style=\"font-family: verdana, geneva, sans-serif;\"><span style=\"color: #000000;\">Depuis St George, en remontant du sud pour rejoindre le Colorado et notre ville de d\u00e9part, Denver, nous visitons le<\/span> <a href=\"https:\/\/fr.wikipedia.org\/wiki\/Parc_national_de_Zion\" target=\"_blank\" rel=\"noopener noreferrer\">Parc national de Zion<\/a>\u00a0<span style=\"color: #000000;\">en encha\u00eenant avec<\/span> <a href=\"https:\/\/let-us-go.net\/pour-seloigner-des-foules-de-bryce-un-detour-a-red-canyon-dixie-national-forest\/\" target=\"_blank\" rel=\"noopener noreferrer\">Red Canyon<\/a> <span style=\"color: #000000;\">et le non-moins touristique<\/span> <a href=\"https:\/\/fr.wikipedia.org\/wiki\/Parc_national_de_Bryce_Canyon\" target=\"_blank\" rel=\"noopener noreferrer\">Parc national de Bryce Canyon<\/a><span style=\"color: #000000;\">. Apr\u00e8s avoir fait le plein de \u00ab\u00a0<\/span><a href=\"https:\/\/en.wikipedia.org\/wiki\/Hoodoo_(geology)\" target=\"_blank\" rel=\"noopener noreferrer\">hoodoos<\/a><span style=\"color: #000000;\">\u00ab\u00a0, la \u00ab\u00a0<a style=\"color: #000000;\" href=\"https:\/\/let-us-go.net\/la-route-12-la-plus-belle-scenic-drive-utah\/\" target=\"_blank\" rel=\"noopener noreferrer\">scenic road 12<\/a>\u00a0\u00bb va nous permettre de rejoindre Moab, la Mecque du VTT.<\/span><\/span><\/p>\n<p><span style=\"font-family: verdana, geneva, sans-serif; color: #000000;\">Tiens justement, comme le VTT est (enfin) abord\u00e9, tout au long de ce fabuleux voyage, le VTT ne sera pas en reste. C&rsquo;est presque pour cette raison que l&rsquo;on y va d&rsquo;ailleurs!<\/span><\/p>\n<p><span style=\"font-family: verdana, geneva, sans-serif; color: #000000;\">On va rouler des sentiers\u00a0mythiques du c\u00f4t\u00e9 de\u00a0 Jackson Hole et Driggs dans le Wyoming, Sun Valley et Boise dans l&rsquo;Idaho, Park City, St George, Hurricane et Moab dans l&rsquo;Utah, puis le Colorado n&rsquo;est pas \u00e9pargn\u00e9 non plus avec des spots d\u00e9di\u00e9s VTT sur Fruita, Grand Junction, Crested Butte et Breckenridge.<\/span><\/p>\n<p><span style=\"color: #000000;\"><span style=\"font-family: verdana, geneva, sans-serif;\">5000 km entre montagnes et d\u00e9serts, entre lacs et for\u00eats, entre visites touristiques et descentes d&rsquo;enduro, entre mont\u00e9es physiques et d\u00e9poses m\u00e9caniques.<br \/>\n<\/span><span style=\"font-family: verdana, geneva, sans-serif;\">5000 km de paysages qui procurent le r\u00eave et la bonne bande de potes qui permet de le r\u00e9aliser.<\/span><\/span><\/p>\n<p><span style=\"font-family: verdana, geneva, sans-serif;\"><span style=\"color: #000000;\">Suivez-nous, c&rsquo;est par<\/span> <a href=\"https:\/\/zanrev.eu\/pipeline\/2018\/10\/06\/liste-des-articles-usa-2018-kokopelli\/\">l\u00e0 &#8230;.&gt;<\/a>\u00a0<\/span><\/p>\n<p style=\"text-align: justify;\">\n","protected":false},"excerpt":{"rendered":"<p>shoot&rsquo;hem up &#8212;&#8212;&#8212; Bienvenue sur le blog de ce p\u00e9riple aux USA Un regard pos\u00e9 au dessus de notre horizon ! Horizon plein Ouest, bien \u00e9videmment. Voire m\u00eame transatlantique.\u00a0 Apr\u00e8s une bonne nuit de repos qui s&rsquo;impose \u00e0 Westminster, proche banlieue de Denver, nous pouvons commencer le voyage. On franchit le Colorado, large et abondant [&hellip;]<\/p>\n","protected":false},"author":2,"featured_media":9564,"parent":0,"menu_order":0,"comment_status":"closed","ping_status":"closed","template":"","meta":{"footnotes":""},"class_list":["post-334","page","type-page","status-publish","has-post-thumbnail","hentry"],"amp_enabled":true,"_links":{"self":[{"href":"https:\/\/zanrev.eu\/pipeline\/wp-json\/wp\/v2\/pages\/334","targetHints":{"allow":["GET"]}}],"collection":[{"href":"https:\/\/zanrev.eu\/pipeline\/wp-json\/wp\/v2\/pages"}],"about":[{"href":"https:\/\/zanrev.eu\/pipeline\/wp-json\/wp\/v2\/types\/page"}],"author":[{"embeddable":true,"href":"https:\/\/zanrev.eu\/pipeline\/wp-json\/wp\/v2\/users\/2"}],"replies":[{"embeddable":true,"href":"https:\/\/zanrev.eu\/pipeline\/wp-json\/wp\/v2\/comments?post=334"}],"version-history":[{"count":11,"href":"https:\/\/zanrev.eu\/pipeline\/wp-json\/wp\/v2\/pages\/334\/revisions"}],"predecessor-version":[{"id":14318,"href":"https:\/\/zanrev.eu\/pipeline\/wp-json\/wp\/v2\/pages\/334\/revisions\/14318"}],"wp:featuredmedia":[{"embeddable":true,"href":"https:\/\/zanrev.eu\/pipeline\/wp-json\/wp\/v2\/media\/9564"}],"wp:attachment":[{"href":"https:\/\/zanrev.eu\/pipeline\/wp-json\/wp\/v2\/media?parent=334"}],"curies":[{"name":"wp","href":"https:\/\/api.w.org\/{rel}","templated":true}]}}