{"id":371,"date":"2018-03-11T18:37:11","date_gmt":"2018-03-11T17:37:11","guid":{"rendered":"https:\/\/zanrev.eu\/pipeline\/?page_id=371"},"modified":"2022-03-31T08:40:27","modified_gmt":"2022-03-31T06:40:27","slug":"mentions-legales","status":"publish","type":"page","link":"https:\/\/zanrev.eu\/pipeline\/mentions-legales\/","title":{"rendered":"Mentions l\u00e9gales"},"content":{"rendered":"<div class=\"style-478 style-local-371-c1 position-relative\" data-colibri-id=\"371-c1\">\n<div id=\"initial-content\" class=\"h-section h-section-global-spacing d-flex align-items-lg-center align-items-md-center align-items-center style-479 style-local-371-c2 position-relative\" data-colibri-component=\"section\" data-colibri-id=\"371-c2\">\n<div class=\"h-section-grid-container h-section-boxed-container\">\n<div class=\"h-row-container gutters-row-lg-2 gutters-row-md-2 gutters-row-0 gutters-row-v-lg-2 gutters-row-v-md-2 gutters-row-v-2 style-480 style-local-371-c3 position-relative\" data-colibri-id=\"371-c3\">\n<div class=\"h-row justify-content-lg-center justify-content-md-center justify-content-center align-items-lg-stretch align-items-md-stretch align-items-stretch gutters-col-lg-2 gutters-col-md-2 gutters-col-0 gutters-col-v-lg-2 gutters-col-v-md-2 gutters-col-v-2\">\n<div class=\"h-column h-column-container d-flex h-col-lg-auto h-col-md-auto h-col-auto style-481-outer style-local-371-c4-outer\">\n<div class=\"d-flex h-flex-basis h-column__inner h-px-lg-2 h-px-md-2 h-px-2 v-inner-lg-2 v-inner-md-2 v-inner-2 style-481 style-local-371-c4 position-relative\" data-colibri-id=\"371-c4\">\n<div class=\"w-100 h-y-container h-column__content h-column__v-align flex-basis-100 align-self-lg-start align-self-md-start align-self-start\">\n<div class=\"style-482 style-local-371-c5 position-relative h-element\" data-colibri-id=\"371-c5\">\n<div>\n<div class=\"post-date\"><span style=\"font-family: verdana, geneva, sans-serif; font-size: 14px;\"><strong><span style=\"color: #ff6600;\">\u00c9diteur :<\/span>\n<\/strong>zanrev.eu<\/span><\/div>\n<div class=\"post-date\"><span style=\"font-family: verdana, geneva, sans-serif; font-size: 14px;\">\u00a0<\/span><\/div>\n<div><span style=\"font-family: verdana, geneva, sans-serif; font-size: 14px;\"><strong><span style=\"color: #ff6600;\">H\u00e9bergement :<\/span>\n<\/strong>zanrev.eu est h\u00e9berg\u00e9 par OVH<\/span><\/div>\n<div><span style=\"font-family: verdana, geneva, sans-serif; font-size: 14px;\">\u00a0<\/span><\/div>\n<div><span style=\"font-family: verdana, geneva, sans-serif; font-size: 14px; color: #ff6600;\"><strong>Cr\u00e9dits photos :<\/strong><\/span><\/div>\n<div class=\"entry-content\">\n<ul>\n \t<li><span style=\"font-family: verdana, geneva, sans-serif; font-size: 14px;\">Gilles S<\/span><\/li>\n \t<li><span style=\"font-family: verdana, geneva, sans-serif; font-size: 14px;\"><a href=\"https:\/\/pixabay.com\/fr\/\" target=\"_blank\" rel=\"noopener\">Le ded<\/a><\/span><\/li>\n \t<li><span style=\"font-family: verdana, geneva, sans-serif; font-size: 14px;\">Les amis\n<\/span><\/li>\n<\/ul>\n<span style=\"font-family: verdana, geneva, sans-serif; font-size: 14px; color: #ff6600;\"><strong>Interface graphique :<\/strong><\/span>\n<span style=\"font-family: verdana, geneva, sans-serif; font-size: 14px;\"> Propuls\u00e9 par WordPress \/ Th\u00e8me Colobri<\/span>\n<p style=\"text-align: justify;\"><span style=\"font-family: verdana, geneva, sans-serif; font-size: 14px; color: #ff6600;\"><strong>Avertissements<\/strong><\/span>\n<span style=\"font-family: verdana, geneva, sans-serif; font-size: 14px;\"> Les informations de ce site peuvent contenir des inexactitudes techniques ou des erreurs typographiques.\u00a0<\/span><span style=\"font-family: verdana, geneva, sans-serif; font-size: 14px;\">Ces informations peuvent \u00eatre p\u00e9riodiquement modifi\u00e9es.<\/span>\n<span style=\"font-family: verdana, geneva, sans-serif; font-size: 14px;\"> Le site peut subir sans pr\u00e9avis des am\u00e9liorations ou des changements. Les liens hypertextes mis en place dans le cadre du pr\u00e9sent site internet en direction d\u2019autres ressources pr\u00e9sentes sur internet sont propos\u00e9s uniquement pour vous apporter l\u2019information la plus compl\u00e8te, ni leur contenu ou les liens qu\u2019ils contiennent, ni les changements ou mises \u00e0 jour qui leur sont apport\u00e9s ne sauraient engager notre responsabilit\u00e9.<\/span>\n<span style=\"font-family: verdana, geneva, sans-serif; font-size: 14px;\"> Tout site Internet ou tout support est autoris\u00e9 \u00e0 mettre en place un lien hypertexte en direction de notre site \u00e0 l\u2019exception de ceux diffusant des contenus contraires aux bonnes m\u0153urs.<\/span><\/p>\n<p style=\"text-align: justify;\"><em><span style=\"font-family: verdana, geneva, sans-serif; font-size: 14px;\">avm\/2021<\/span><\/em><\/p>\n\n\n<\/div>\n<\/div>\n<\/div>\n<\/div>\n<\/div>\n<\/div>\n<\/div>\n<\/div>\n<\/div>\n<\/div>\n<\/div>","protected":false},"excerpt":{"rendered":"<p>\u00c9diteur : zanrev.eu \u00a0 H\u00e9bergement : zanrev.eu est h\u00e9berg\u00e9 par OVH \u00a0 Cr\u00e9dits photos : Gilles S Le ded Les amis Interface graphique : Propuls\u00e9 par WordPress \/ Th\u00e8me Colobri Avertissements Les informations de ce site peuvent contenir des inexactitudes techniques ou des erreurs typographiques.\u00a0Ces informations peuvent \u00eatre p\u00e9riodiquement modifi\u00e9es. Le site peut subir sans [&hellip;]<\/p>\n","protected":false},"author":2,"featured_media":0,"parent":0,"menu_order":0,"comment_status":"closed","ping_status":"closed","template":"page-templates\/full-width-page.php","meta":{"footnotes":""},"class_list":["post-371","page","type-page","status-publish","hentry"],"amp_enabled":false,"_links":{"self":[{"href":"https:\/\/zanrev.eu\/pipeline\/wp-json\/wp\/v2\/pages\/371","targetHints":{"allow":["GET"]}}],"collection":[{"href":"https:\/\/zanrev.eu\/pipeline\/wp-json\/wp\/v2\/pages"}],"about":[{"href":"https:\/\/zanrev.eu\/pipeline\/wp-json\/wp\/v2\/types\/page"}],"author":[{"embeddable":true,"href":"https:\/\/zanrev.eu\/pipeline\/wp-json\/wp\/v2\/users\/2"}],"replies":[{"embeddable":true,"href":"https:\/\/zanrev.eu\/pipeline\/wp-json\/wp\/v2\/comments?post=371"}],"version-history":[{"count":9,"href":"https:\/\/zanrev.eu\/pipeline\/wp-json\/wp\/v2\/pages\/371\/revisions"}],"predecessor-version":[{"id":12906,"href":"https:\/\/zanrev.eu\/pipeline\/wp-json\/wp\/v2\/pages\/371\/revisions\/12906"}],"wp:attachment":[{"href":"https:\/\/zanrev.eu\/pipeline\/wp-json\/wp\/v2\/media?parent=371"}],"curies":[{"name":"wp","href":"https:\/\/api.w.org\/{rel}","templated":true}]}}